{"id":9599,"date":"2024-08-14T03:03:39","date_gmt":"2024-08-14T03:03:39","guid":{"rendered":"https:\/\/scholartrace.com\/condiciones-de-uso\/"},"modified":"2024-08-14T03:03:56","modified_gmt":"2024-08-14T03:03:56","slug":"condiciones-de-uso","status":"publish","type":"page","link":"https:\/\/scholartrace.com\/es\/condiciones-de-uso\/","title":{"rendered":"Condiciones de uso"},"content":{"rendered":"\t\t<div data-elementor-type=\"wp-page\" data-elementor-id=\"9599\" class=\"elementor elementor-9599 elementor-1199\" data-elementor-post-type=\"page\">\n\t\t\t\t\t\t<section class=\"elementor-section elementor-top-section elementor-element elementor-element-50d21da elementor-section-boxed elementor-section-height-default elementor-section-height-default\" data-id=\"50d21da\" data-element_type=\"section\" data-e-type=\"section\">\n\t\t\t\t\t\t<div class=\"elementor-container elementor-column-gap-default\">\n\t\t\t\t\t<div class=\"elementor-column elementor-col-100 elementor-top-column elementor-element elementor-element-bb7962a\" data-id=\"bb7962a\" data-element_type=\"column\" data-e-type=\"column\">\n\t\t\t<div class=\"elementor-widget-wrap elementor-element-populated\">\n\t\t\t\t\t\t<div class=\"elementor-element elementor-element-82a4d1b elementor-widget-tablet__width-initial elementor-widget elementor-widget-text-editor\" data-id=\"82a4d1b\" data-element_type=\"widget\" data-e-type=\"widget\" data-widget_type=\"text-editor.default\">\n\t\t\t\t<div class=\"elementor-widget-container\">\n\t\t\t\t\t\t\t\t\t<h5 class=\"p1\"><span class=\"s1\"><strong>Scholartrace.com &#8211; Condiciones de uso<\/strong><br \/><\/span><\/h5>\n<p class=\"p1\"><span class=\"s1\"><br \/>\u00abScholar Trace\u00bb es una marca propiedad de <\/span><span class=\"s2\">CAM&amp;SA CONSULTING, LLC. <\/span><span class=\"s1\">con sede en <\/span><span class=\"s2\">1980 South Ocean drive, Hallandale Beach, FL 33009 EE.UU.<\/span><\/p>\n<p class=\"p3\"><span class=\"s2\">Estas Condiciones de uso (\u00abCondiciones\u00bb) se aplican en todo el Sitio Web \u00abscholartrace.com\u00bb del que Scholar Trace es propietaria y opera.<\/span><\/p>\n<p class=\"p3\"><strong><span class=\"s2\">Aceptaci\u00f3n de las condiciones<\/span><\/strong><\/p>\n<p class=\"p3\"><span class=\"s2\">Lee atentamente las Condiciones antes de acceder o utilizar el Sitio Web.<br \/>\nAl acceder o utilizar cualquier parte del Sitio Web, aceptas quedar vinculado por estas Condiciones.<br \/>\nSi no aceptas estas Condiciones, no puedes acceder al Sitio Web.<br \/>\nPara evitar cualquier duda, estas Condiciones no controlan ni rigen tu uso de los servicios de Scholar Trace.   <\/span><\/p>\n<p class=\"p3\"><span class=\"s2\">Debes revisar estas Condiciones con frecuencia, ya que pueden cambiar en cualquier momento a nuestra entera discreci\u00f3n.<\/span><\/p>\n<p class=\"p3\"><strong><span class=\"s2\">Condiciones generales<\/span><\/strong><\/p>\n<p class=\"p3\"><span class=\"s2\">Al acceder, navegar o utilizar el sitio web, todos los usuarios y espectadores reconocen la aceptaci\u00f3n de los T\u00e9rminos aqu\u00ed contenidos.<br \/>\nSi no aceptas estos T\u00e9rminos, por favor, no utilices, veas o accedas al sitio web.<br \/>\nAunque Scholar Trace no tiene conocimiento real de la edad de sus usuarios, el sitio web y su informaci\u00f3n no est\u00e1n dirigidos a ni\u00f1os menores de 13 a\u00f1os.<br \/>\nLos usuarios que env\u00eden un formulario en el sitio web que incluya su direcci\u00f3n de correo electr\u00f3nico est\u00e1n aceptando recibir comunicaciones y contenido de marketing de Scholar Trace.<br \/>\nUn usuario puede darse de baja de este contenido en cualquier momento.    <\/span><\/p>\n<p class=\"p3\"><strong><span class=\"s2\">Contenido vinculado al sitio web de Scholar Trace<\/span><\/strong><\/p>\n<p class=\"p3\"><span class=\"s2\">Scholar Trace puede proporcionar a los visitantes del Sitio Web acceso a recursos externos en l\u00ednea, incluidas diversas herramientas de comunicaci\u00f3n, foros en l\u00ednea y servicios ofrecidos a trav\u00e9s de enlaces.<br \/>\nScholar Trace te anima a que act\u00faes con discreci\u00f3n cuando utilices o accedas a estos enlaces.<br \/>\nEl contenido de cualquier sitio web enlazado no est\u00e1 bajo el control de Scholar Trace y no puede ser ni ser\u00e1 responsable de dicho contenido.<br \/>\nReconoces y aceptas que Scholar Trace no ser\u00e1 responsable, directa o indirectamente, de ning\u00fan da\u00f1o o p\u00e9rdida causado o supuestamente causado por o en relaci\u00f3n con el uso o la confianza en cualquier contenido, informaci\u00f3n, bienes o servicios, disponibles en o a trav\u00e9s de cualquier sitio o recurso de terceros.<br \/>\nLos enlaces a entidades externas no se considerar\u00e1n una aprobaci\u00f3n de Scholar Trace o de sus servicios por parte de dicha entidad tercera.<br \/>\nEres responsable de tomar las precauciones necesarias para protegerte a ti mismo y a tus sistemas inform\u00e1ticos de virus y de cualquier otro contenido da\u00f1ino o destructivo.<br \/>\nScholar Trace no garantiza que el Sitio Web est\u00e9 libre de errores o que el acceso al mismo sea continuo o ininterrumpido.      <\/span><\/p>\n<p class=\"p3\"><span class=\"s2\">Al aceptar estas Condiciones, te comprometes a no utilizar, ni facilitar a otros el uso del Sitio Web de forma que resulte perjudicial para otros o sobrecargue o perjudique de otro modo al Sitio Web.<br \/>\nEjemplos de dicho uso incluyen, sin limitaci\u00f3n: <\/span><\/p>\n<p class=\"p3\"><span class=\"s2\">Participar en actividades ilegales o fraudulentas;<\/span><\/p>\n<p class=\"p3\"><span class=\"s2\">Infringir los derechos de propiedad intelectual de un tercero;<\/span><\/p>\n<p class=\"p3\"><span class=\"s2\">Distribuir contenido da\u00f1ino u ofensivo que sea difamatorio, obsceno, abusivo, una invasi\u00f3n de la privacidad o acosador;<\/span><\/p>\n<p class=\"p3\"><span class=\"s2\">La distribuci\u00f3n de spam malicioso\/comercial;<\/span><\/p>\n<p class=\"p3\"><span class=\"s2\">Violar la seguridad o integridad de cualquier ordenador, red o sistema de comunicaciones;<\/span><\/p>\n<p class=\"p3\"><span class=\"s2\">Utilizar cualquier proceso o dispositivo (automatizado o no) para recuperar, indexar, \u00abminar datos\u00bb, \u00abraspar\u00bb o reproducir de cualquier modo la presentaci\u00f3n o el contenido de este Sitio Web, a menos que se permita lo contrario.<\/span><\/p>\n<p class=\"p3\"><strong><span class=\"s2\">Normas de publicaci\u00f3n<\/span><\/strong><\/p>\n<p class=\"p3\"><span class=\"s2\">El Sitio Web puede permitir de vez en cuando, a la entera discreci\u00f3n de Scholar Trace, que los visitantes publiquen comentarios o env\u00eden mensajes.<br \/>\nNing\u00fan servicio de publicaci\u00f3n, mensajer\u00eda u otro servicio de comunicaci\u00f3n o foro disponible o accesible desde el Sitio Web de Scholar Trace se utilizar\u00e1 de forma contraria a las siguientes directrices: <\/span><\/p>\n<p class=\"p3\"><span class=\"s2\">Ning\u00fan usuario publicar\u00e1 ning\u00fan contenido que pueda ser ilegal, da\u00f1ino, amenazador, difamatorio, abusivo, acosador, agraviante, vulgar, obsceno, calumnioso, invasivo de la privacidad de otra persona, ofensivo para la raza, etnia, sexo, orientaci\u00f3n sexual, credo, religi\u00f3n u objetable de cualquier otro modo.<\/span><\/p>\n<p class=\"p3\"><span class=\"s2\">Ning\u00fan usuario se har\u00e1 pasar por otra(s) persona(s) o entidad(es); ni declarar\u00e1 falsamente o tergiversar\u00e1 su afiliaci\u00f3n con otra(s) persona(s) o entidad(es).<\/span><\/p>\n<p class=\"p3\"><span class=\"s2\">Ning\u00fan usuario ocultar\u00e1 el origen de ning\u00fan contenido publicado o transmitido a trav\u00e9s del Sitio Web.<\/span><\/p>\n<p class=\"p3\"><span class=\"s2\">Ning\u00fan usuario publicar\u00e1 ning\u00fan contenido que no tenga derecho a poner a disposici\u00f3n en virtud de cualquier ley o de obligaciones contractuales o fiduciarias (como informaci\u00f3n privilegiada y\/o informaci\u00f3n propietaria y confidencial).<\/span><\/p>\n<p class=\"p3\"><span class=\"s2\">Ning\u00fan usuario publicar\u00e1 informaci\u00f3n que infrinja patentes, marcas registradas, secretos comerciales, derechos de autor u otros derechos de propiedad de cualquiera de las partes.<\/span><\/p>\n<p class=\"p3\"><span class=\"s2\">Ning\u00fan usuario publicar\u00e1 material que pueda contener virus inform\u00e1ticos, o cualquier c\u00f3digo inform\u00e1tico, archivos o programas dise\u00f1ados para interrumpir, destruir o limitar la funcionalidad del sitio web, o de cualquier software, hardware o equipo de telecomunicaciones.<\/span><\/p>\n<p class=\"p3\"><span class=\"s2\">Ning\u00fan usuario utilizar\u00e1 el Sitio Web de Scholar Trace para infringir, intencionadamente o no, ninguna ley, reglamento, ordenanza o c\u00f3digo local, estatal, nacional o internacional.<\/span><\/p>\n<p class=\"p3\"><span class=\"s2\">Ning\u00fan usuario utilizar\u00e1 el Sitio web de Scholar Trace para perjudicar a menores de ninguna manera.<\/span><\/p>\n<p class=\"p3\"><span class=\"s2\">Ning\u00fan usuario utilizar\u00e1 el Sitio Web de Scholar Trace para recoger o almacenar datos personales de otros usuarios.<\/span><\/p>\n<p class=\"p3\"><span class=\"s2\">Ning\u00fan usuario utilizar\u00e1 el Sitio Web de Scholar Trace para solicitarse o promocionarse a s\u00ed mismo o a otra(s) persona(s) o entidad(es) distinta(s) de Scholar Trace, incluyendo, pero sin limitarse a ello, la publicaci\u00f3n de materiales promocionales, la solicitud de consumidores o la publicidad.<\/span><\/p>\n<p class=\"p3\"><strong><span class=\"s2\">Pol\u00edtica de privacidad<\/span><\/strong><\/p>\n<p class=\"p3\"><span class=\"s2\">Tu uso del Sitio Web est\u00e1 sujeto a la Pol\u00edtica de Privacidad de Scholar Trace.<\/span><\/p>\n<p class=\"p3\"><strong><span class=\"s2\">Propiedad intelectual<\/span><\/strong><\/p>\n<p class=\"p3\"><span class=\"s2\">Todos los materiales, derechos de autor, marcas (registradas o no), dise\u00f1os, patentes y otros intereses legales est\u00e1n reconocidos o protegidos como propiedad intelectual bajo la jurisdicci\u00f3n de estas Condiciones (\u00abPropiedad Intelectual\u00bb).<\/span><\/p>\n<p class=\"p3\"><span class=\"s2\">Scholar Trace es el propietario exclusivo de todos los derechos de Propiedad Intelectual de todas las partes de su Sitio Web, incluidos, entre otros, los documentos, art\u00edculos, escritos, productos y servicios proporcionados por Scholar Trace. Scholar Trace concede una licencia limitada y no exclusiva para ver y utilizar dicha Propiedad Intelectual seg\u00fan lo previsto por Scholar Trace, pero para ning\u00fan otro prop\u00f3sito.<\/span><\/p>\n<p class=\"p3\"><span class=\"s2\">Al igual que Scholar Trace pide a los dem\u00e1s que respeten sus derechos de Propiedad Intelectual, respeta los derechos de Propiedad Intelectual de los dem\u00e1s. Si crees que un contenido ubicado en el Sitio Web o vinculado al mismo viola tus derechos de autor, te animamos a que lo notifiques a Scholar Trace en info@scholartrace.com.<\/span><\/p>\n<p class=\"p3\"><span class=\"s2\">Scholar Trace no est\u00e1 afiliada ni asociada a ninguna universidad, colegio o instituci\u00f3n educativa mencionada en este sitio web.<\/span><\/p>\n<p class=\"p3\"><strong><span class=\"s2\">Modificaci\u00f3n y rescisi\u00f3n<\/span><\/strong><\/p>\n<p class=\"p3\"><span class=\"s2\">Scholar Trace tiene derecho a actualizar la totalidad o parte del Sitio Web, as\u00ed como las presentes Condiciones, en cualquier momento y sin previo aviso. Tu uso continuado del Sitio Web supondr\u00e1 la aceptaci\u00f3n de todas y cada una de dichas actualizaciones.<\/span><\/p>\n<p class=\"p3\"><span class=\"s2\">Scholar Trace se reserva el derecho a modificar o interrumpir, temporal o permanentemente, el Sitio Web (o cualquier parte del mismo) en cualquier momento y sin previo aviso.<\/span><\/p>\n<p class=\"p3\"><span class=\"s2\">Scholar Trace puede poner fin a tu acceso a todo o parte del Sitio Web, con o sin causa, con o sin previo aviso, con efecto inmediato.<\/span><\/p>\n<p class=\"p3\"><strong><span class=\"s2\">Limitaci\u00f3n de responsabilidad<\/span><\/strong><\/p>\n<p class=\"p3\"><span class=\"s2\">En ning\u00fan caso Scholar Trace ser\u00e1 responsable con respecto a ning\u00fan asunto de estas Condiciones bajo ning\u00fan contrato, negligencia, responsabilidad estricta u otra teor\u00eda legal o equitativa por: (i) cualquier da\u00f1o especial, incidental o consecuente; (ii) el coste de adquisici\u00f3n de productos o servicios sustitutivos; (iii) por interrupci\u00f3n del uso o p\u00e9rdida o corrupci\u00f3n de datos; o (iv) por cualquier da\u00f1o. Scholar Trace no ser\u00e1 responsable de ning\u00fan fallo o retraso debido a cuestiones que escapen a su control razonable. Lo anterior no se aplicar\u00e1 en la medida en que lo proh\u00edba la legislaci\u00f3n aplicable.<\/span><\/p>\n<p class=\"p3\"><strong><span class=\"s2\">Indemnizaci\u00f3n<\/span><\/strong><\/p>\n<p class=\"p3\"><span class=\"s2\">Aceptas indemnizar y eximir de toda responsabilidad a Scholar Trace y a sus propietarios, directivos, empleados, agentes y representantes, individual y colectivamente, frente a cualesquiera reclamaciones y gastos, incluidos los honorarios de abogados, derivados de tu uso del Sitio Web, incluida, entre otras, la infracci\u00f3n de estas Condiciones por tu parte.<\/span><\/p>\n\t\t\t\t\t\t\t\t<\/div>\n\t\t\t\t<\/div>\n\t\t\t\t\t<\/div>\n\t\t<\/div>\n\t\t\t\t\t<\/div>\n\t\t<\/section>\n\t\t\t\t<\/div>\n\t\t","protected":false},"excerpt":{"rendered":"<p>Scholartrace.com &#8211; Condiciones de uso \u00abScholar Trace\u00bb es una marca propiedad de CAM&amp;SA CONSULTING, LLC. con sede en 1980 South Ocean drive, Hallandale Beach, FL 33009 EE.UU. Estas Condiciones de uso (\u00abCondiciones\u00bb) se aplican en todo el Sitio Web \u00abscholartrace.com\u00bb del que Scholar Trace es propietaria y opera. Aceptaci\u00f3n de las condiciones Lee atentamente las [&hellip;]<\/p>\n","protected":false},"author":3,"featured_media":0,"parent":0,"menu_order":0,"comment_status":"closed","ping_status":"closed","template":"","meta":{"footnotes":""},"class_list":["post-9599","page","type-page","status-publish","hentry"],"_links":{"self":[{"href":"https:\/\/scholartrace.com\/es\/wp-json\/wp\/v2\/pages\/9599","targetHints":{"allow":["GET"]}}],"collection":[{"href":"https:\/\/scholartrace.com\/es\/wp-json\/wp\/v2\/pages"}],"about":[{"href":"https:\/\/scholartrace.com\/es\/wp-json\/wp\/v2\/types\/page"}],"author":[{"embeddable":true,"href":"https:\/\/scholartrace.com\/es\/wp-json\/wp\/v2\/users\/3"}],"replies":[{"embeddable":true,"href":"https:\/\/scholartrace.com\/es\/wp-json\/wp\/v2\/comments?post=9599"}],"version-history":[{"count":3,"href":"https:\/\/scholartrace.com\/es\/wp-json\/wp\/v2\/pages\/9599\/revisions"}],"predecessor-version":[{"id":9620,"href":"https:\/\/scholartrace.com\/es\/wp-json\/wp\/v2\/pages\/9599\/revisions\/9620"}],"wp:attachment":[{"href":"https:\/\/scholartrace.com\/es\/wp-json\/wp\/v2\/media?parent=9599"}],"curies":[{"name":"wp","href":"https:\/\/api.w.org\/{rel}","templated":true}]}}