{"id":9736,"date":"2024-08-14T03:06:43","date_gmt":"2024-08-14T03:06:43","guid":{"rendered":"https:\/\/scholartrace.com\/politica-de-privacidad\/"},"modified":"2024-08-14T03:06:44","modified_gmt":"2024-08-14T03:06:44","slug":"politica-de-privacidad","status":"publish","type":"page","link":"https:\/\/scholartrace.com\/es\/politica-de-privacidad\/","title":{"rendered":"Pol\u00edtica de privacidad"},"content":{"rendered":"\t\t<div data-elementor-type=\"wp-page\" data-elementor-id=\"9736\" class=\"elementor elementor-9736 elementor-8201\" data-elementor-post-type=\"page\">\n\t\t\t\t\t\t<section class=\"elementor-section elementor-top-section elementor-element elementor-element-50d21da elementor-section-boxed elementor-section-height-default elementor-section-height-default\" data-id=\"50d21da\" data-element_type=\"section\" data-e-type=\"section\">\n\t\t\t\t\t\t<div class=\"elementor-container elementor-column-gap-default\">\n\t\t\t\t\t<div class=\"elementor-column elementor-col-100 elementor-top-column elementor-element elementor-element-bb7962a\" data-id=\"bb7962a\" data-element_type=\"column\" data-e-type=\"column\">\n\t\t\t<div class=\"elementor-widget-wrap elementor-element-populated\">\n\t\t\t\t\t\t<div class=\"elementor-element elementor-element-82a4d1b elementor-widget-tablet__width-initial elementor-widget elementor-widget-text-editor\" data-id=\"82a4d1b\" data-element_type=\"widget\" data-e-type=\"widget\" data-widget_type=\"text-editor.default\">\n\t\t\t\t<div class=\"elementor-widget-container\">\n\t\t\t\t\t\t\t\t\t<h5 class=\"p1\"><span class=\"s1\"><strong>Scholartrace.com &#8211; Pol\u00edtica de privacidad<\/strong><br \/><\/span><\/h5>\n<p class=\"p1\"><strong>Introducci\u00f3n<\/strong><\/p>\n<p class=\"p1\">Esta pol\u00edtica se aplica en todo el sitio web \u00abscholartrace.com\u00bb (\u00abSitio web\u00bb) que poseemos y gestionamos y en todos los servicios que prestamos (\u00abServicios\u00bb).<\/p>\n<p class=\"p1\">Esta pol\u00edtica se aplica a la informaci\u00f3n identificable sobre ti, como tu nombre, correo electr\u00f3nico, direcci\u00f3n, n\u00famero de tel\u00e9fono, datos bancarios, informaci\u00f3n de pago, etc. (\u00abDatos personales\u00bb).<br \/>\nSi no se te puede identificar (por ejemplo, cuando los Datos Personales se han agregado y anonimizado), esta pol\u00edtica no se aplica. <\/p>\n<p class=\"p1\">Es posible que tengamos que actualizar esta pol\u00edtica de vez en cuando a medida que emprendamos nuevas pr\u00e1cticas de Datos Personales o adoptemos nuevas pol\u00edticas de privacidad.<br \/>\nNos reservamos el derecho a modificar esta Pol\u00edtica de Privacidad y Condiciones de Uso en cualquier momento, por cualquier motivo, sin previo aviso, salvo la publicaci\u00f3n de la Pol\u00edtica de Privacidad y Condiciones de Uso modificadas en nuestro Sitio Web.<br \/>\nDebes consultar nuestro Sitio Web con frecuencia para ver la Pol\u00edtica de Privacidad y las Condiciones de Uso que est\u00e1n en vigor y cualquier cambio que se le haya podido hacer.  <\/p>\n<p class=\"p1\"><strong>\u00bfQui\u00e9nes somos \u00abnosotros\u00bb?<\/strong><\/p>\n<p class=\"p3\"><span class=\"s1\">Cuando nos referimos a \u00abnosotros\u00bb (o \u00abnuestro\u00bb o \u00abnos\u00bb), nos referimos a Scholar Trace y a la empresa propietaria, <\/span><span class=\"s2\">CAM&amp;SA CONSULTING, LLC.<\/span><br \/>\nTambi\u00e9n podemos referirnos a nosotros mismos como \u00abScholar Trace\u00bb.<br \/>\nNuestra sede est\u00e1 en <span class=\"s3\">1980 South Ocean drive, Hallandale Beach, FL 33009 EE.UU.<\/span>  <\/p>\n<p class=\"p5\"><strong>C\u00f3mo recogemos tus datos<\/strong><\/p>\n<p class=\"p5\">Cuando visitas nuestro Sitio Web o utilizas nuestros Servicios, recogemos Datos Personales.<br \/>\nLas formas en que los recopilamos pueden clasificarse a grandes rasgos en las siguientes: <\/p>\n<p class=\"p5\">Informaci\u00f3n que nos proporcionas directamente: Cuando visitas o utilizas algunas partes de nuestro Sitio Web y utilizas nuestros Servicios, podemos pedirte que nos proporciones Datos Personales.<br \/>\nPor ejemplo, te pedimos tu informaci\u00f3n de contacto cuando te inscribes en uno de nuestros eventos, rellenas cualquier formulario de nuestro Sitio Web, participas en seminarios o webinars con nosotros, solicitas un trabajo con nosotros o te pones en contacto con nosotros para hacernos preguntas o solicitar ayuda.<br \/>\nSi no quieres proporcionarnos Datos Personales, no tienes por qu\u00e9 hacerlo, pero puede significar que no puedas utilizar algunas partes de nuestro Sitio Web o Servicios.  <\/p>\n<p class=\"p5\">Informaci\u00f3n que recogemos autom\u00e1ticamente: Recogemos cierta informaci\u00f3n sobre ti autom\u00e1ticamente cuando visitas nuestro Sitio Web o utilizas nuestros Servicios, que puede incluir tu direcci\u00f3n de protocolo de Internet (IP), regi\u00f3n o ubicaci\u00f3n general desde la que tu ordenador o dispositivo accede a Internet, tipo de navegador, sistema operativo y tipo de dispositivo.<br \/>\nTambi\u00e9n recopilamos informaci\u00f3n cuando navegas por nuestro Sitio Web y nuestros Servicios, incluidas las p\u00e1ginas que has consultado y los enlaces en los que has hecho clic.<br \/>\nEsta informaci\u00f3n es \u00fatil para nosotros, ya que nos ayuda a comprender mejor c\u00f3mo utilizas nuestro Sitio Web y nuestros Servicios para que podamos seguir proporcion\u00e1ndote la mejor experiencia posible (por ejemplo, personalizando el contenido que ves).<br \/>\nParte de esta informaci\u00f3n se recopila utilizando cookies, balizas web y tecnolog\u00edas de seguimiento similares.   <\/p>\n<p class=\"p5\">Scholar Trace puede mantener un registro de los Sitios Web de terceros a los que se accede cuando un usuario se encuentra en un Sitio Web y hace clic en un hiperv\u00ednculo.<br \/>\nNo rastreamos a los usuarios cuando cruzan a Sitios Web de terceros ni proporcionamos publicidad dirigida a Scholar Trace, por lo que las se\u00f1ales Do Not Track (DNT) no se aplican a Scholar Trace. <\/p>\n<p class=\"p5\">Informaci\u00f3n que obtenemos de terceros: La mayor parte de la informaci\u00f3n que recopilamos, la obtenemos directamente de ti.<br \/>\nA veces podemos recopilar Datos Personales sobre ti de otras fuentes, como materiales disponibles p\u00fablicamente o terceros de confianza, como nuestros socios de marketing e investigaci\u00f3n.<br \/>\nUtilizamos esta informaci\u00f3n para complementar los Datos Personales que ya tenemos sobre ti, con el fin de informar mejor, personalizar y mejorar nuestros Servicios, y para validar los Datos Personales que nos proporcionas.<br \/>\nCuando recopilemos Datos Personales, s\u00f3lo los procesaremos:   <\/p>\n<p class=\"p5\">para cumplir un contrato contigo, o<\/p>\n<p class=\"p5\">cuando tengamos intereses leg\u00edtimos para procesar los Datos Personales y tus derechos no prevalezcan sobre ellos, o<\/p>\n<p class=\"p5\">en cumplimiento de una obligaci\u00f3n legal, o<\/p>\n<p class=\"p5\">cuando tengamos tu consentimiento.<\/p>\n<p class=\"p5\"><strong>C\u00f3mo utilizamos tus datos<\/strong><\/p>\n<p class=\"p5\">Podemos utilizar tus Datos Personales para:<\/p>\n<p class=\"p5\">Operar nuestro Sitio Web;<\/p>\n<p class=\"p5\">Ayudar a diagnosticar problemas con nuestro servidor y a administrar nuestro Sitio Web, analizar tendencias, seguir los movimientos de los visitantes y recopilar informaci\u00f3n demogr\u00e1fica general que nos ayude a identificar las preferencias de los visitantes y a dise\u00f1ar nuestro Sitio Web para que se adapte mejor a las necesidades de nuestros usuarios;<\/p>\n<p class=\"p5\">Ayudar a Scholar Trace a comprender las necesidades e intereses de nuestros estudiantes y sus tutores para adaptar mejor nuestros Servicios a sus necesidades;<\/p>\n<p class=\"p5\">Proporcionarte informaci\u00f3n sobre nuestros eventos, informaci\u00f3n o Servicios relacionados con Scholar Trace; y<\/p>\n<p class=\"p5\">Gestionar nuestra relaci\u00f3n contigo;<\/p>\n<p class=\"p5\">Detectar y prevenir actividades fraudulentas y asegurarnos de que todo el mundo utiliza nuestro Sitio Web y nuestros Servicios de forma justa y de acuerdo con nuestras Condiciones de Uso<\/p>\n<p class=\"p5\">Enviarte mensajes de texto (pueden aplicarse tarifas de mensajes y datos, la frecuencia de los mensajes var\u00eda); y<\/p>\n<p class=\"p5\">Llevar a cabo cualquier otro fin leg\u00edtimo.<\/p>\n<p class=\"p5\"><strong>C\u00f3mo podemos compartir tus datos<\/strong><\/p>\n<p class=\"p5\">Scholar Trace podr\u00e1 celebrar acuerdos con terceros en virtud de los cuales dichos terceros promocionar\u00e1n los Servicios de Scholar Trace en sus Sitios Web.<br \/>\nSi est\u00e1 interesado en dichos Servicios, se le pedir\u00e1 que comparta Datos Personales para recibir m\u00e1s informaci\u00f3n sobre los Servicios.<br \/>\nEn algunos casos, el tercero recopilar\u00e1 los Datos Personales y los proporcionar\u00e1 a Scholar Trace bajo su direcci\u00f3n.<br \/>\nEn otros casos, Scholar Trace recopilar\u00e1 Datos Personales de usted directamente y se los proporcionar\u00e1 a dicho tercero, en cuyo caso el tercero podr\u00e1 utilizar sus Datos Personales de acuerdo con su pol\u00edtica de privacidad como si usted se los hubiera proporcionado directamente a dicho tercero.<br \/>\nTus Datos Personales estar\u00e1n sujetos a la pol\u00edtica de privacidad de dicho tercero, as\u00ed como a la pol\u00edtica de privacidad de Scholar Trace.    <\/p>\n<p class=\"p5\">El Sitio Web de Scholar Trace utiliza interfaces con sitios de redes sociales como Facebook, Instagram, Twitter y otros.<br \/>\nSi decides \u00abgustar\u00bb o compartir informaci\u00f3n del Sitio Web de Scholar Trace a trav\u00e9s de estos servicios, debes revisar la pol\u00edtica de privacidad de dicho servicio.<br \/>\nSi eres miembro de un sitio de redes sociales, las interfaces pueden permitir que el sitio de redes sociales conecte tu visita al sitio con tus Datos Personales.  <\/p>\n<p class=\"p5\">Adem\u00e1s de lo anterior, s\u00f3lo revelaremos informaci\u00f3n a terceros en los siguientes casos:<\/p>\n<p class=\"p5\">seg\u00fan lo exija la ley, como para cumplir una citaci\u00f3n o un proceso legal similar<\/p>\n<p class=\"p5\">cuando creamos de buena fe que la divulgaci\u00f3n es necesaria para proteger nuestros derechos, proteger tu seguridad o la de otros, investigar un fraude o responder a una solicitud gubernamental<\/p>\n<p class=\"p5\">si participamos en una fusi\u00f3n, adquisici\u00f3n o venta de todos o parte de sus activos, se te notificar\u00e1 por correo electr\u00f3nico y\/o mediante un aviso destacado a trav\u00e9s de nuestra app cualquier cambio en la propiedad o usos de tus Datos Personales, as\u00ed como cualquier opci\u00f3n que puedas tener en relaci\u00f3n con tus Datos Personales<\/p>\n<p class=\"p5\">a cualquier otro tercero con tu consentimiento previo para hacerlo.<\/p>\n<p class=\"p5\"><strong>Internacional<\/strong><\/p>\n<p class=\"p5\">Cuando compartimos datos, \u00e9stos pueden ser transferidos a, y procesados en, pa\u00edses distintos del pa\u00eds en el que vives &#8211; como cualquier pa\u00eds en el que se encuentren nuestras oficinas.<br \/>\nEstos pa\u00edses pueden tener leyes diferentes a las que est\u00e1s acostumbrado.<br \/>\nTen la seguridad de que, cuando revelamos Datos Personales a un tercero en otro pa\u00eds, establecemos salvaguardias para garantizar que tus Datos Personales permanezcan protegidos.  <\/p>\n<p class=\"p5\"><strong>Seguridad<\/strong><\/p>\n<p class=\"p5\">Para ayudar a proteger la privacidad de los datos y la informaci\u00f3n de identificaci\u00f3n personal que transmites a trav\u00e9s del uso de nuestro Sitio Web, mantenemos salvaguardas f\u00edsicas, t\u00e9cnicas y administrativas.<br \/>\nActualizamos y probamos nuestra tecnolog\u00eda de seguridad de forma continua.<br \/>\nRestringimos el acceso a tus Datos Personales a aquellos empleados que necesitan conocer esa informaci\u00f3n para proporcionarte prestaciones o Servicios.<br \/>\nAdem\u00e1s, nuestros empleados son conscientes de la importancia de la confidencialidad y de mantener la privacidad y seguridad de tu informaci\u00f3n.<br \/>\nNos comprometemos a tomar las medidas disciplinarias adecuadas para hacer cumplir a nuestros empleados sus responsabilidades en materia de privacidad.    <\/p>\n<p class=\"p5\">La seguridad de tus Datos Personales es importante para nosotros.<br \/>\nTomamos medidas comercialmente razonables y seguimos las normas generalmente aceptadas para proteger la informaci\u00f3n que nos proporcionas, tanto durante la transmisi\u00f3n como una vez que la recibimos.<br \/>\nPor ejemplo, la informaci\u00f3n que nos proporcionas se transmite mediante encriptaci\u00f3n utilizando tecnolog\u00edas como la de capa de conexi\u00f3n segura (SSL).  <\/p>\n<p class=\"p5\">Ning\u00fan m\u00e9todo de transmisi\u00f3n a trav\u00e9s de Internet, o m\u00e9todo de almacenamiento electr\u00f3nico, es 100% seguro.<br \/>\nPor lo tanto, no podemos garantizar la seguridad absoluta de tu informaci\u00f3n. <\/p>\n<p class=\"p5\"><strong>Retenci\u00f3n<\/strong><\/p>\n<p class=\"p5\">Tus Datos Personales son almacenados por Scholar Trace en sus servidores, y en los servidores de los servicios de gesti\u00f3n de bases de datos en la nube que Scholar Trace contrata, estos servicios se almacenan en todo el mundo y son gestionados y mantenidos por sus equipos profesionales.<br \/>\nScholar Trace conserva los datos mientras dure tu relaci\u00f3n con Scholar Trace y durante un per\u00edodo de tiempo posterior para permitirte reanudar tu relaci\u00f3n con Scholar Trace, analizar los datos para las propias operaciones de Scholar Trace y con fines hist\u00f3ricos y de archivo (por ejemplo, para cumplir con los requisitos legales, fiscales y contables aplicables).<br \/>\nPara obtener m\u00e1s informaci\u00f3n sobre d\u00f3nde y durante cu\u00e1nto tiempo se almacenan tus Datos Personales, y para obtener m\u00e1s informaci\u00f3n sobre tus derechos de supresi\u00f3n y portabilidad, ponte en contacto con nosotros en la direcci\u00f3n que figura a continuaci\u00f3n.  <\/p>\n<p class=\"p5\"><strong>Tus derechos<\/strong><\/p>\n<p class=\"p5\">Son tus Datos Personales y tienes ciertos derechos relacionados con ellos.<br \/>\nScholar Trace, de vez en cuando, puede enviarte comunicaciones de marketing utilizando los Datos Personales que nos facilitas.<br \/>\nPuedes pedirnos que no te enviemos comunicaciones de marketing en cualquier momento siguiendo el bot\u00f3n para darse de baja que aparece en la parte inferior de la comunicaci\u00f3n de marketing, o solicit\u00e1ndolo por correo electr\u00f3nico a info@scholartrace.com.  <\/p>\n<p class=\"p5\">Tambi\u00e9n tienes derechos a:<\/p>\n<p class=\"p5\">saber qu\u00e9 Datos Personales tenemos sobre ti, y asegurarnos de que son correctos y est\u00e1n actualizados;<\/p>\n<p class=\"p5\">solicitar una copia de tus Datos Personales, o pedirnos que restrinjamos el tratamiento de tus Datos Personales o que los eliminemos; y<\/p>\n<p class=\"p5\">oponerte a que sigamos procesando tus Datos Personales.<\/p>\n<p class=\"p5\">Puedes ejercer estos derechos en cualquier momento poni\u00e9ndote en contacto con nosotros en la direcci\u00f3n que figura a continuaci\u00f3n.<br \/>\nScholar Trace responder\u00e1 a tu solicitud en un plazo razonable.<br \/>\nSi no se puede responder a la solicitud en un plazo razonable, Scholar Trace te facilitar\u00e1 una fecha en la que se te proporcionar\u00e1 la informaci\u00f3n.<br \/>\nSi por alg\u00fan motivo se deniega la solicitud, Scholar Trace te dar\u00e1 una explicaci\u00f3n de por qu\u00e9 se ha denegado.   <\/p>\n<p class=\"p5\"><strong>C\u00f3mo contactar con nosotros<\/strong><\/p>\n<p class=\"p5\">Si quieres saber qu\u00e9 Datos Personales tenemos sobre ti, ejercer tus derechos, o tienes alguna pregunta o comentario que hacernos sobre esta pol\u00edtica, nuestro Sitio Web o Servicios, ponte en contacto con nosotros a trav\u00e9s de info@scholartrace.com.<\/p>\n<p class=\"p5\">Scholar Trace no est\u00e1 afiliada ni asociada a ninguna universidad, colegio o instituci\u00f3n educativa mencionada en este sitio web.<\/p>\n\t\t\t\t\t\t\t\t<\/div>\n\t\t\t\t<\/div>\n\t\t\t\t\t<\/div>\n\t\t<\/div>\n\t\t\t\t\t<\/div>\n\t\t<\/section>\n\t\t\t\t<\/div>\n\t\t","protected":false},"excerpt":{"rendered":"<p>Scholartrace.com &#8211; Pol\u00edtica de privacidad Introducci\u00f3n Esta pol\u00edtica se aplica en todo el sitio web \u00abscholartrace.com\u00bb (\u00abSitio web\u00bb) que poseemos y gestionamos y en todos los servicios que prestamos (\u00abServicios\u00bb). Esta pol\u00edtica se aplica a la informaci\u00f3n identificable sobre ti, como tu nombre, correo electr\u00f3nico, direcci\u00f3n, n\u00famero de tel\u00e9fono, datos bancarios, informaci\u00f3n de pago, etc. [&hellip;]<\/p>\n","protected":false},"author":3,"featured_media":0,"parent":0,"menu_order":0,"comment_status":"closed","ping_status":"closed","template":"","meta":{"footnotes":""},"class_list":["post-9736","page","type-page","status-publish","hentry"],"_links":{"self":[{"href":"https:\/\/scholartrace.com\/es\/wp-json\/wp\/v2\/pages\/9736","targetHints":{"allow":["GET"]}}],"collection":[{"href":"https:\/\/scholartrace.com\/es\/wp-json\/wp\/v2\/pages"}],"about":[{"href":"https:\/\/scholartrace.com\/es\/wp-json\/wp\/v2\/types\/page"}],"author":[{"embeddable":true,"href":"https:\/\/scholartrace.com\/es\/wp-json\/wp\/v2\/users\/3"}],"replies":[{"embeddable":true,"href":"https:\/\/scholartrace.com\/es\/wp-json\/wp\/v2\/comments?post=9736"}],"version-history":[{"count":1,"href":"https:\/\/scholartrace.com\/es\/wp-json\/wp\/v2\/pages\/9736\/revisions"}],"predecessor-version":[{"id":9737,"href":"https:\/\/scholartrace.com\/es\/wp-json\/wp\/v2\/pages\/9736\/revisions\/9737"}],"wp:attachment":[{"href":"https:\/\/scholartrace.com\/es\/wp-json\/wp\/v2\/media?parent=9736"}],"curies":[{"name":"wp","href":"https:\/\/api.w.org\/{rel}","templated":true}]}}